{"id":4544,"date":"2018-01-30T08:10:22","date_gmt":"2018-01-30T08:10:22","guid":{"rendered":"https:\/\/stellahurtes.com\/booking\/"},"modified":"2022-01-07T09:25:36","modified_gmt":"2022-01-07T09:25:36","slug":"booking","status":"publish","type":"page","link":"https:\/\/stellahurtes.com\/fr\/booking\/","title":{"rendered":"R\u00e9servation"},"content":{"rendered":"<div class=\"wpb-content-wrapper\"><p>[vc_row][vc_column width=&#8221;1\/2&#8243;][vc_column_text]<\/p>\n<h3>Ce que vous devez savoir<\/h3>\n<p>Sp\u00e9cialis\u00e9e dans la communication \u00e0 distance, je peux d\u00e9livrer cette session de communication par t\u00e9l\u00e9pathie et il n\u2019est pas n\u00e9cessaire que votre animal soit pr\u00e9sent avec moi. Les sessions \u00e0 distance peuvent \u00eatre r\u00e9alis\u00e9es par Skype ou par t\u00e9l\u00e9phone.<\/p>\n<p>Une communication sur la sant\u00e9 concerne l&#8217;exp\u00e9rience des animaux, ce qu&#8217;ils en pensent, s&#8217;ils souffrent. <strong>Nous ne sommes pas ici pour diagnostiquer, traiter ou prescrire. La communication avec les animaux ne remplace en aucun cas les soins v\u00e9t\u00e9rinaires. Veuillez contacter votre v\u00e9t\u00e9rinaire pour toute question d&#8217;ordre m\u00e9dical.<\/strong><\/p>\n<p>Je ne pr\u00e9vois pas l&#8217;avenir, je ne vous dis pas quoi faire, je ne prends pas parti entre vous et vos amis les animaux.<\/p>\n<p>Si vous souhaitez offrir une communication \u00e0 quelqu&#8217;un, vous pouvez acheter un bon cadeau, merci de me contacter.[\/vc_column_text][vc_column_text]<\/p>\n<h3>Ce dont j\u2019ai besoin<\/h3>\n<h4><strong>Etape#1<\/strong><\/h4>\n<p>Merci de m&#8217;envoyer par email <strong>une photo de bonne qualit\u00e9 de votre animal<\/strong> o\u00f9 je vois clairement sa t\u00eate et ses yeux.<\/p>\n<h4><strong>Etape#2<\/strong><\/h4>\n<p>Envoyez moi vos <strong>questions<\/strong> par email.<\/p>\n<p>Vos animaux de compagnie peuvent ne pas parler de vos pr\u00e9occupations \u00e0 moins que vous ne leur posiez des questions pr\u00e9cises \u00e0 ce sujet.<\/p>\n<p>Toute question peut \u00eatre pos\u00e9e afin d&#8217;avoir des renseignements pr\u00e9cis sur le sujet qui vous pr\u00e9occupe.<\/p>\n<h4><strong>Etape#3<\/strong><\/h4>\n<p>D\u00e8s que j&#8217;ai re\u00e7u les informations concernant les questions au sujet de votre animal et la photo, <strong>je vous contacte dans les 48h<\/strong> afin de fixer un rendez-vous.<\/p>\n<h4><strong>Etape#4<\/strong><\/h4>\n<p><strong>Vous proc\u00e9dez au paiement<\/strong> en cliquant sur le bouton PayPal en bas de la page et notre rendez-vous sera alors valid\u00e9.<\/p>\n<p>Je me connecte avec votre animal quelques jours avant notre session de feedback Skype ou t\u00e9l\u00e9phonique.<\/p>\n<blockquote><p>C&#8217;est un privil\u00e8ge de travailler avec vous et votre animal. J&#8217;ai h\u00e2te de vous rencontrer et de vous aider, vous et vos amis les animaux.<\/p>\n<p><strong>Prix d\u2019une consultation \u20ac 75.00 EUR<\/strong><\/p><\/blockquote>\n<p>[\/vc_column_text][vc_empty_space height=&#8221;60px&#8221;][\/vc_column][vc_column width=&#8221;1\/2&#8243;][vc_single_image image=&#8221;4054&#8243; img_size=&#8221;full&#8221; alignment=&#8221;center&#8221;][\/vc_column][\/vc_row][vc_row parallax=&#8221;content-moving&#8221; parallax_image=&#8221;3757&#8243; enable_parallax=&#8221;1&#8243; css=&#8221;.vc_custom_1553651708471{background-image: url(https:\/\/stellahurtes.com\/wp-content\/uploads\/2018\/04\/sl5-1.jpg?id=3757) !important;}&#8221;][vc_column][vc_empty_space height=&#8221;60&#8243;][vc_row_inner][vc_column_inner width=&#8221;2\/3&#8243;][vc_custom_heading text=&#8221;R\u00e9servez votre s\u00e9ance de<br \/>\nCommunication animale avec Stella&#8221; font_container=&#8221;tag:h2|font_size:60px|text_align:left|color:%23ffffff|line_height:60px&#8221; google_fonts=&#8221;font_family:Roboto%3A100%2C100italic%2C300%2C300italic%2Cregular%2Citalic%2C500%2C500italic%2C700%2C700italic%2C900%2C900italic|font_style:400%20regular%3A400%3Anormal&#8221;][\/vc_column_inner][vc_column_inner width=&#8221;1\/3&#8243;][vc_raw_html el_class=&#8221;reduction&#8221;]JTNDZm9ybSUyMGFjdGlvbiUzRCUyMmh0dHBzJTNBJTJGJTJGd3d3LnBheXBhbC5jb20lMkZjZ2ktYmluJTJGd2Vic2NyJTIyJTIwbWV0aG9kJTNEJTIycG9zdCUyMiUyMHRhcmdldCUzRCUyMl90b3AlMjIlM0UlMEElM0NpbnB1dCUyMHR5cGUlM0QlMjJoaWRkZW4lMjIlMjBuYW1lJTNEJTIyY21kJTIyJTIwdmFsdWUlM0QlMjJfcy14Y2xpY2slMjIlM0UlMEElM0NpbnB1dCUyMHR5cGUlM0QlMjJoaWRkZW4lMjIlMjBuYW1lJTNEJTIyaG9zdGVkX2J1dHRvbl9pZCUyMiUyMHZhbHVlJTNEJTIyUUE4Wjg3SFJCTUUzVSUyMiUzRSUwQSUzQ3RhYmxlJTNFJTBBJTNDdHIlM0UlM0N0ZCUzRSUzQ2lucHV0JTIwdHlwZSUzRCUyMmhpZGRlbiUyMiUyMG5hbWUlM0QlMjJvbjAlMjIlMjB2YWx1ZSUzRCUyMkFuaW1hbCUyMENvbW11bmljYXRpb24lMjBTdGVsbGElMjBIdXJ0ZXMlMjIlM0VBbmltYWwlMjBDb21tdW5pY2F0aW9uJTIwU3RlbGxhJTIwSHVydGVzJTNDJTJGdGQlM0UlM0MlMkZ0ciUzRSUzQ3RyJTNFJTNDdGQlM0UlM0NzZWxlY3QlMjBuYW1lJTNEJTIyb3MwJTIyJTNFJTBBJTA5JTNDb3B0aW9uJTIwdmFsdWUlM0QlMjIxJTIwU2Vzc2lvbiUyMEFuaW1hbCUyMENvbW11bmljYXRpb24lMjBTdGVsbGElMjIlM0UxJTIwU2Vzc2lvbiUyMEFuaW1hbCUyMENvbW11bmljYXRpb24lMjBTdGVsbGElMjAlRTIlODIlQUM3NSUyQzAwJTIwRVVSJTNDJTJGb3B0aW9uJTNFJTBBJTNDJTJGc2VsZWN0JTNFJTIwJTNDJTJGdGQlM0UlM0MlMkZ0ciUzRSUwQSUzQyUyRnRhYmxlJTNFJTBBJTNDaW5wdXQlMjB0eXBlJTNEJTIyaGlkZGVuJTIyJTIwbmFtZSUzRCUyMmN1cnJlbmN5X2NvZGUlMjIlMjB2YWx1ZSUzRCUyMkVVUiUyMiUzRSUwQSUzQ2lucHV0JTIwdHlwZSUzRCUyMmltYWdlJTIyJTIwc3JjJTNEJTIyaHR0cHMlM0ElMkYlMkZ3d3cucGF5cGFsb2JqZWN0cy5jb20lMkZlbl9VUyUyRkZSJTJGaSUyRmJ0biUyRmJ0bl9wYXlub3dDQ19MRy5naWYlMjIlMjBib3JkZXIlM0QlMjIwJTIyJTIwbmFtZSUzRCUyMnN1Ym1pdCUyMiUyMGFsdCUzRCUyMlBheVBhbCUyMC0lMjBUaGUlMjBzYWZlciUyQyUyMGVhc2llciUyMHdheSUyMHRvJTIwcGF5JTIwb25saW5lJTIxJTIyJTNFJTBBJTNDaW1nJTIwYWx0JTNEJTIyJTIyJTIwYm9yZGVyJTNEJTIyMCUyMiUyMHNyYyUzRCUyMmh0dHBzJTNBJTJGJTJGd3d3LnBheXBhbG9iamVjdHMuY29tJTJGZnJfRlIlMkZpJTJGc2NyJTJGcGl4ZWwuZ2lmJTIyJTIwd2lkdGglM0QlMjIxJTIyJTIwaGVpZ2h0JTNEJTIyMSUyMiUzRSUwQSUzQyUyRmZvcm0lM0UlMEE=[\/vc_raw_html][\/vc_column_inner][\/vc_row_inner][vc_empty_space height=&#8221;60&#8243;][\/vc_column][\/vc_row]<\/p>\n<\/div>","protected":false},"excerpt":{"rendered":"<p>[vc_row][vc_column width=&#8221;1\/2&#8243;][vc_column_text] Ce que vous devez savoir Sp\u00e9cialis\u00e9e dans la communication \u00e0 distance, je peux d\u00e9livrer cette session de communication par t\u00e9l\u00e9pathie et il n\u2019est pas n\u00e9cessaire que votre animal soit pr\u00e9sent avec moi. Les sessions \u00e0 distance peuvent \u00eatre r\u00e9alis\u00e9es par Skype ou par t\u00e9l\u00e9phone. Une communication sur la sant\u00e9 concerne l&#8217;exp\u00e9rience des animaux, [&hellip;]<\/p>\n","protected":false},"author":1,"featured_media":0,"parent":0,"menu_order":0,"comment_status":"closed","ping_status":"closed","template":"","meta":{"footnotes":""},"class_list":["post-4544","page","type-page","status-publish","hentry"],"yoast_head":"<!-- This site is optimized with the Yoast SEO plugin v24.7 - https:\/\/yoast.com\/wordpress\/plugins\/seo\/ -->\n<title>R\u00e9servation - stellahurtes<\/title>\n<meta name=\"robots\" content=\"index, follow, max-snippet:-1, max-image-preview:large, max-video-preview:-1\" \/>\n<link rel=\"canonical\" href=\"https:\/\/stellahurtes.com\/fr\/booking\/\" \/>\n<meta property=\"og:locale\" content=\"fr_FR\" \/>\n<meta property=\"og:type\" content=\"article\" \/>\n<meta property=\"og:title\" content=\"R\u00e9servation - stellahurtes\" \/>\n<meta property=\"og:description\" content=\"[vc_row][vc_column width=&#8221;1\/2&#8243;][vc_column_text] Ce que vous devez savoir Sp\u00e9cialis\u00e9e dans la communication \u00e0 distance, je peux d\u00e9livrer cette session de communication par t\u00e9l\u00e9pathie et il n\u2019est pas n\u00e9cessaire que votre animal soit pr\u00e9sent avec moi. Les sessions \u00e0 distance peuvent \u00eatre r\u00e9alis\u00e9es par Skype ou par t\u00e9l\u00e9phone. Une communication sur la sant\u00e9 concerne l&#8217;exp\u00e9rience des animaux, [&hellip;]\" \/>\n<meta property=\"og:url\" content=\"https:\/\/stellahurtes.com\/fr\/booking\/\" \/>\n<meta property=\"og:site_name\" content=\"stellahurtes\" \/>\n<meta property=\"article:modified_time\" content=\"2022-01-07T09:25:36+00:00\" \/>\n<meta name=\"twitter:card\" content=\"summary_large_image\" \/>\n<meta name=\"twitter:label1\" content=\"Dur\u00e9e de lecture estim\u00e9e\" \/>\n\t<meta name=\"twitter:data1\" content=\"2 minutes\" \/>\n<script type=\"application\/ld+json\" class=\"yoast-schema-graph\">{\"@context\":\"https:\/\/schema.org\",\"@graph\":[{\"@type\":\"WebPage\",\"@id\":\"https:\/\/stellahurtes.com\/fr\/booking\/\",\"url\":\"https:\/\/stellahurtes.com\/fr\/booking\/\",\"name\":\"R\u00e9servation - stellahurtes\",\"isPartOf\":{\"@id\":\"https:\/\/stellahurtes.com\/fr\/#website\"},\"datePublished\":\"2018-01-30T08:10:22+00:00\",\"dateModified\":\"2022-01-07T09:25:36+00:00\",\"breadcrumb\":{\"@id\":\"https:\/\/stellahurtes.com\/fr\/booking\/#breadcrumb\"},\"inLanguage\":\"fr-FR\",\"potentialAction\":[{\"@type\":\"ReadAction\",\"target\":[\"https:\/\/stellahurtes.com\/fr\/booking\/\"]}]},{\"@type\":\"BreadcrumbList\",\"@id\":\"https:\/\/stellahurtes.com\/fr\/booking\/#breadcrumb\",\"itemListElement\":[{\"@type\":\"ListItem\",\"position\":1,\"name\":\"Home\",\"item\":\"https:\/\/stellahurtes.com\/fr\/\"},{\"@type\":\"ListItem\",\"position\":2,\"name\":\"R\u00e9servation\"}]},{\"@type\":\"WebSite\",\"@id\":\"https:\/\/stellahurtes.com\/fr\/#website\",\"url\":\"https:\/\/stellahurtes.com\/fr\/\",\"name\":\"stellahurtes\",\"description\":\"\",\"potentialAction\":[{\"@type\":\"SearchAction\",\"target\":{\"@type\":\"EntryPoint\",\"urlTemplate\":\"https:\/\/stellahurtes.com\/fr\/?s={search_term_string}\"},\"query-input\":{\"@type\":\"PropertyValueSpecification\",\"valueRequired\":true,\"valueName\":\"search_term_string\"}}],\"inLanguage\":\"fr-FR\"}]}<\/script>\n<!-- \/ Yoast SEO plugin. -->","yoast_head_json":{"title":"R\u00e9servation - stellahurtes","robots":{"index":"index","follow":"follow","max-snippet":"max-snippet:-1","max-image-preview":"max-image-preview:large","max-video-preview":"max-video-preview:-1"},"canonical":"https:\/\/stellahurtes.com\/fr\/booking\/","og_locale":"fr_FR","og_type":"article","og_title":"R\u00e9servation - stellahurtes","og_description":"[vc_row][vc_column width=&#8221;1\/2&#8243;][vc_column_text] Ce que vous devez savoir Sp\u00e9cialis\u00e9e dans la communication \u00e0 distance, je peux d\u00e9livrer cette session de communication par t\u00e9l\u00e9pathie et il n\u2019est pas n\u00e9cessaire que votre animal soit pr\u00e9sent avec moi. Les sessions \u00e0 distance peuvent \u00eatre r\u00e9alis\u00e9es par Skype ou par t\u00e9l\u00e9phone. Une communication sur la sant\u00e9 concerne l&#8217;exp\u00e9rience des animaux, [&hellip;]","og_url":"https:\/\/stellahurtes.com\/fr\/booking\/","og_site_name":"stellahurtes","article_modified_time":"2022-01-07T09:25:36+00:00","twitter_card":"summary_large_image","twitter_misc":{"Dur\u00e9e de lecture estim\u00e9e":"2 minutes"},"schema":{"@context":"https:\/\/schema.org","@graph":[{"@type":"WebPage","@id":"https:\/\/stellahurtes.com\/fr\/booking\/","url":"https:\/\/stellahurtes.com\/fr\/booking\/","name":"R\u00e9servation - stellahurtes","isPartOf":{"@id":"https:\/\/stellahurtes.com\/fr\/#website"},"datePublished":"2018-01-30T08:10:22+00:00","dateModified":"2022-01-07T09:25:36+00:00","breadcrumb":{"@id":"https:\/\/stellahurtes.com\/fr\/booking\/#breadcrumb"},"inLanguage":"fr-FR","potentialAction":[{"@type":"ReadAction","target":["https:\/\/stellahurtes.com\/fr\/booking\/"]}]},{"@type":"BreadcrumbList","@id":"https:\/\/stellahurtes.com\/fr\/booking\/#breadcrumb","itemListElement":[{"@type":"ListItem","position":1,"name":"Home","item":"https:\/\/stellahurtes.com\/fr\/"},{"@type":"ListItem","position":2,"name":"R\u00e9servation"}]},{"@type":"WebSite","@id":"https:\/\/stellahurtes.com\/fr\/#website","url":"https:\/\/stellahurtes.com\/fr\/","name":"stellahurtes","description":"","potentialAction":[{"@type":"SearchAction","target":{"@type":"EntryPoint","urlTemplate":"https:\/\/stellahurtes.com\/fr\/?s={search_term_string}"},"query-input":{"@type":"PropertyValueSpecification","valueRequired":true,"valueName":"search_term_string"}}],"inLanguage":"fr-FR"}]}},"_links":{"self":[{"href":"https:\/\/stellahurtes.com\/fr\/wp-json\/wp\/v2\/pages\/4544","targetHints":{"allow":["GET"]}}],"collection":[{"href":"https:\/\/stellahurtes.com\/fr\/wp-json\/wp\/v2\/pages"}],"about":[{"href":"https:\/\/stellahurtes.com\/fr\/wp-json\/wp\/v2\/types\/page"}],"author":[{"embeddable":true,"href":"https:\/\/stellahurtes.com\/fr\/wp-json\/wp\/v2\/users\/1"}],"replies":[{"embeddable":true,"href":"https:\/\/stellahurtes.com\/fr\/wp-json\/wp\/v2\/comments?post=4544"}],"version-history":[{"count":21,"href":"https:\/\/stellahurtes.com\/fr\/wp-json\/wp\/v2\/pages\/4544\/revisions"}],"predecessor-version":[{"id":4749,"href":"https:\/\/stellahurtes.com\/fr\/wp-json\/wp\/v2\/pages\/4544\/revisions\/4749"}],"wp:attachment":[{"href":"https:\/\/stellahurtes.com\/fr\/wp-json\/wp\/v2\/media?parent=4544"}],"curies":[{"name":"wp","href":"https:\/\/api.w.org\/{rel}","templated":true}]}}