{"id":4573,"date":"2019-04-04T22:35:00","date_gmt":"2019-04-04T22:35:00","guid":{"rendered":"https:\/\/stellahurtes.com\/?page_id=4573"},"modified":"2026-03-10T14:17:43","modified_gmt":"2026-03-10T14:17:43","slug":"meet-stella","status":"publish","type":"page","link":"https:\/\/stellahurtes.com\/fr\/meet-stella\/","title":{"rendered":"Stella"},"content":{"rendered":"<div class=\"wpb-content-wrapper\"><p>[vc_row equal_height=&#8221;yes&#8221; css=&#8221;.vc_custom_1551449507949{margin-top: 74px !important;margin-bottom: 63px !important;}&#8221;][vc_column width=&#8221;1\/2&#8243;][vc_single_image image=&#8221;4633&#8243; img_size=&#8221;full&#8221; alignment=&#8221;center&#8221;][vc_empty_space][vc_column_text]<\/p>\n<p style=\"text-align: center;\">Stella Hurtes<\/p>\n<p>[\/vc_column_text][\/vc_column][vc_column width=&#8221;1\/2&#8243;][vc_column_text css=&#8221;.vc_custom_1773152234690{margin-bottom: 40px !important;}&#8221;]En raison d&#8217;un manque de soutien affectif parental quand j&#8217;\u00e9tais enfant, je me suis tourn\u00e9e vers mon seul compagnon et ami : Le chien errant de ma famille, Betty. Betty \u00e9tait petite, excentrique, gentille et acceptante, exactement ce dont j&#8217;avais besoin. Nous nous sommes compris &#8211; pas besoin de mots.<\/p>\n<p>Gr\u00e2ce \u00e0 Betty, j&#8217;ai tout de suite senti le bonheur et l&#8217;amour qui sont n\u00e9s des interactions entre les humains et les animaux. Le sentiment d&#8217;appartenance que j&#8217;ai ressenti en \u00e9tant avec les animaux m&#8217;a amen\u00e9 \u00e0 promener la plupart des chiens du quartier de ma ville fran\u00e7aise, souvent encha\u00een\u00e9s toute la journ\u00e9e. \u00a0Je me souviens d\u2019avoir \u00e9t\u00e9 fi\u00e8re de la confiance que leurs propri\u00e9taires m\u2019avaient t\u00e9moign\u00e9e, bien que je faisais la moiti\u00e9 de la taille de certains des plus gros chiens avec qui je me suis li\u00e9e d\u2019amiti\u00e9.<\/p>\n<p>Plus tard, \u00e0 l&#8217;\u00e2ge adulte, les animaux sont rest\u00e9s essentiels \u00e0 ma vie. En d\u00e9veloppant un lien \u00e9troit avec les chevaux au fil des ans et en devenant une cavali\u00e8re passionn\u00e9e, j&#8217;ai form\u00e9 une famille \u00e0 moi, jamais sans la compagnie de plusieurs merveilleux chats et chiens et chevaux, ce qui m&#8217;a permis d&#8217;approfondir ma compr\u00e9hension envers eux et moi-m\u00eame.<\/p>\n<p>Ayant v\u00e9cu dans plusieurs pays dont l&#8217;Afrique du Sud, la France, l&#8217;Angleterre, le Canada et la Belgique, cela a renforc\u00e9 mon amour pour les animaux dans leur habitat naturel. Cela a \u00e9galement suscit\u00e9 une curiosit\u00e9 quant \u00e0 la fa\u00e7on dont je pourrais leur \u00eatre utile, ainsi qu&#8217;aux humains. C&#8217;est mon exp\u00e9rience en Afrique du Sud au contact de la nature et des animaux en particulier de la faune sauvage, qui m&#8217;a rapproch\u00e9 de ma vraie nature.<\/p>\n<p>Maintenant install\u00e9e en France, j&#8217;ai d\u00e9cid\u00e9 de suivre mon intuition et mon amour pour les animaux, en entreprenant en 2016 une formation en communication animale. Cela comprend des s\u00e9ances de mentorat individualis\u00e9es avec des communicateurs animaliers de renomm\u00e9e internationale en particulier aux Etats Unis. J&#8217;ai obtenu ma certification professionnelle par le biais de Animal Talk Africa.<\/p>\n<p>Ma qu\u00eate de compr\u00e9hension du vivant m\u2019a men\u00e9e \u00e0 devenir praticienne chamanique, form\u00e9e au Mexique et en France, pour soutenir les animaux dans leur gu\u00e9rison. J\u2019ai poursuivi ce chemin en Mongolie, o\u00f9 j\u2019ai v\u00e9cu un mois aupr\u00e8s de chamans renomm\u00e9s, partageant le quotidien d\u2019une famille nomade et m\u2019impr\u00e9gnant de leurs enseignements ancestraux.<\/p>\n<p>Aujourd&#8217;hui, je pratique r\u00e9guli\u00e8rement dans le monde entier et je voyage r\u00e9guli\u00e8rement pour faire du b\u00e9n\u00e9volat dans des sanctuaires d&#8217;animaux et des organismes de sauvegarde. R\u00e9cemment, je me suis rendue en Afrique du Sud pour faire du b\u00e9n\u00e9volat pour le White Lions Trust et le refuge pour animaux The Ark \u00e0 Johannesburg.[\/vc_column_text][\/vc_column][\/vc_row]<\/p>\n<\/div>","protected":false},"excerpt":{"rendered":"<p>[vc_row equal_height=&#8221;yes&#8221; css=&#8221;.vc_custom_1551449507949{margin-top: 74px !important;margin-bottom: 63px !important;}&#8221;][vc_column width=&#8221;1\/2&#8243;][vc_single_image image=&#8221;4633&#8243; img_size=&#8221;full&#8221; alignment=&#8221;center&#8221;][vc_empty_space][vc_column_text] Stella Hurtes [\/vc_column_text][\/vc_column][vc_column width=&#8221;1\/2&#8243;][vc_column_text css=&#8221;.vc_custom_1773152234690{margin-bottom: 40px !important;}&#8221;]En raison d&#8217;un manque de soutien affectif parental quand j&#8217;\u00e9tais enfant, je me suis tourn\u00e9e vers mon seul compagnon et ami : Le chien errant de ma famille, Betty. Betty \u00e9tait petite, excentrique, gentille et acceptante, exactement ce [&hellip;]<\/p>\n","protected":false},"author":1,"featured_media":0,"parent":0,"menu_order":0,"comment_status":"closed","ping_status":"closed","template":"","meta":{"footnotes":""},"class_list":["post-4573","page","type-page","status-publish","hentry"],"yoast_head":"<!-- This site is optimized with the Yoast SEO plugin v24.7 - https:\/\/yoast.com\/wordpress\/plugins\/seo\/ -->\n<title>Stella - stellahurtes<\/title>\n<meta name=\"robots\" content=\"index, follow, max-snippet:-1, max-image-preview:large, max-video-preview:-1\" \/>\n<link rel=\"canonical\" href=\"https:\/\/stellahurtes.com\/fr\/meet-stella\/\" \/>\n<meta property=\"og:locale\" content=\"fr_FR\" \/>\n<meta property=\"og:type\" content=\"article\" \/>\n<meta property=\"og:title\" content=\"Stella - stellahurtes\" \/>\n<meta property=\"og:description\" content=\"[vc_row equal_height=&#8221;yes&#8221; css=&#8221;.vc_custom_1551449507949{margin-top: 74px !important;margin-bottom: 63px !important;}&#8221;][vc_column width=&#8221;1\/2&#8243;][vc_single_image image=&#8221;4633&#8243; img_size=&#8221;full&#8221; alignment=&#8221;center&#8221;][vc_empty_space][vc_column_text] Stella Hurtes [\/vc_column_text][\/vc_column][vc_column width=&#8221;1\/2&#8243;][vc_column_text css=&#8221;.vc_custom_1773152234690{margin-bottom: 40px !important;}&#8221;]En raison d&#8217;un manque de soutien affectif parental quand j&#8217;\u00e9tais enfant, je me suis tourn\u00e9e vers mon seul compagnon et ami : Le chien errant de ma famille, Betty. Betty \u00e9tait petite, excentrique, gentille et acceptante, exactement ce [&hellip;]\" \/>\n<meta property=\"og:url\" content=\"https:\/\/stellahurtes.com\/fr\/meet-stella\/\" \/>\n<meta property=\"og:site_name\" content=\"stellahurtes\" \/>\n<meta property=\"article:modified_time\" content=\"2026-03-10T14:17:43+00:00\" \/>\n<meta name=\"twitter:card\" content=\"summary_large_image\" \/>\n<meta name=\"twitter:label1\" content=\"Dur\u00e9e de lecture estim\u00e9e\" \/>\n\t<meta name=\"twitter:data1\" content=\"2 minutes\" \/>\n<script type=\"application\/ld+json\" class=\"yoast-schema-graph\">{\"@context\":\"https:\/\/schema.org\",\"@graph\":[{\"@type\":\"WebPage\",\"@id\":\"https:\/\/stellahurtes.com\/fr\/meet-stella\/\",\"url\":\"https:\/\/stellahurtes.com\/fr\/meet-stella\/\",\"name\":\"Stella - stellahurtes\",\"isPartOf\":{\"@id\":\"https:\/\/stellahurtes.com\/fr\/#website\"},\"datePublished\":\"2019-04-04T22:35:00+00:00\",\"dateModified\":\"2026-03-10T14:17:43+00:00\",\"breadcrumb\":{\"@id\":\"https:\/\/stellahurtes.com\/fr\/meet-stella\/#breadcrumb\"},\"inLanguage\":\"fr-FR\",\"potentialAction\":[{\"@type\":\"ReadAction\",\"target\":[\"https:\/\/stellahurtes.com\/fr\/meet-stella\/\"]}]},{\"@type\":\"BreadcrumbList\",\"@id\":\"https:\/\/stellahurtes.com\/fr\/meet-stella\/#breadcrumb\",\"itemListElement\":[{\"@type\":\"ListItem\",\"position\":1,\"name\":\"Home\",\"item\":\"https:\/\/stellahurtes.com\/fr\/\"},{\"@type\":\"ListItem\",\"position\":2,\"name\":\"Stella\"}]},{\"@type\":\"WebSite\",\"@id\":\"https:\/\/stellahurtes.com\/fr\/#website\",\"url\":\"https:\/\/stellahurtes.com\/fr\/\",\"name\":\"stellahurtes\",\"description\":\"\",\"potentialAction\":[{\"@type\":\"SearchAction\",\"target\":{\"@type\":\"EntryPoint\",\"urlTemplate\":\"https:\/\/stellahurtes.com\/fr\/?s={search_term_string}\"},\"query-input\":{\"@type\":\"PropertyValueSpecification\",\"valueRequired\":true,\"valueName\":\"search_term_string\"}}],\"inLanguage\":\"fr-FR\"}]}<\/script>\n<!-- \/ Yoast SEO plugin. -->","yoast_head_json":{"title":"Stella - stellahurtes","robots":{"index":"index","follow":"follow","max-snippet":"max-snippet:-1","max-image-preview":"max-image-preview:large","max-video-preview":"max-video-preview:-1"},"canonical":"https:\/\/stellahurtes.com\/fr\/meet-stella\/","og_locale":"fr_FR","og_type":"article","og_title":"Stella - stellahurtes","og_description":"[vc_row equal_height=&#8221;yes&#8221; css=&#8221;.vc_custom_1551449507949{margin-top: 74px !important;margin-bottom: 63px !important;}&#8221;][vc_column width=&#8221;1\/2&#8243;][vc_single_image image=&#8221;4633&#8243; img_size=&#8221;full&#8221; alignment=&#8221;center&#8221;][vc_empty_space][vc_column_text] Stella Hurtes [\/vc_column_text][\/vc_column][vc_column width=&#8221;1\/2&#8243;][vc_column_text css=&#8221;.vc_custom_1773152234690{margin-bottom: 40px !important;}&#8221;]En raison d&#8217;un manque de soutien affectif parental quand j&#8217;\u00e9tais enfant, je me suis tourn\u00e9e vers mon seul compagnon et ami : Le chien errant de ma famille, Betty. Betty \u00e9tait petite, excentrique, gentille et acceptante, exactement ce [&hellip;]","og_url":"https:\/\/stellahurtes.com\/fr\/meet-stella\/","og_site_name":"stellahurtes","article_modified_time":"2026-03-10T14:17:43+00:00","twitter_card":"summary_large_image","twitter_misc":{"Dur\u00e9e de lecture estim\u00e9e":"2 minutes"},"schema":{"@context":"https:\/\/schema.org","@graph":[{"@type":"WebPage","@id":"https:\/\/stellahurtes.com\/fr\/meet-stella\/","url":"https:\/\/stellahurtes.com\/fr\/meet-stella\/","name":"Stella - stellahurtes","isPartOf":{"@id":"https:\/\/stellahurtes.com\/fr\/#website"},"datePublished":"2019-04-04T22:35:00+00:00","dateModified":"2026-03-10T14:17:43+00:00","breadcrumb":{"@id":"https:\/\/stellahurtes.com\/fr\/meet-stella\/#breadcrumb"},"inLanguage":"fr-FR","potentialAction":[{"@type":"ReadAction","target":["https:\/\/stellahurtes.com\/fr\/meet-stella\/"]}]},{"@type":"BreadcrumbList","@id":"https:\/\/stellahurtes.com\/fr\/meet-stella\/#breadcrumb","itemListElement":[{"@type":"ListItem","position":1,"name":"Home","item":"https:\/\/stellahurtes.com\/fr\/"},{"@type":"ListItem","position":2,"name":"Stella"}]},{"@type":"WebSite","@id":"https:\/\/stellahurtes.com\/fr\/#website","url":"https:\/\/stellahurtes.com\/fr\/","name":"stellahurtes","description":"","potentialAction":[{"@type":"SearchAction","target":{"@type":"EntryPoint","urlTemplate":"https:\/\/stellahurtes.com\/fr\/?s={search_term_string}"},"query-input":{"@type":"PropertyValueSpecification","valueRequired":true,"valueName":"search_term_string"}}],"inLanguage":"fr-FR"}]}},"_links":{"self":[{"href":"https:\/\/stellahurtes.com\/fr\/wp-json\/wp\/v2\/pages\/4573","targetHints":{"allow":["GET"]}}],"collection":[{"href":"https:\/\/stellahurtes.com\/fr\/wp-json\/wp\/v2\/pages"}],"about":[{"href":"https:\/\/stellahurtes.com\/fr\/wp-json\/wp\/v2\/types\/page"}],"author":[{"embeddable":true,"href":"https:\/\/stellahurtes.com\/fr\/wp-json\/wp\/v2\/users\/1"}],"replies":[{"embeddable":true,"href":"https:\/\/stellahurtes.com\/fr\/wp-json\/wp\/v2\/comments?post=4573"}],"version-history":[{"count":9,"href":"https:\/\/stellahurtes.com\/fr\/wp-json\/wp\/v2\/pages\/4573\/revisions"}],"predecessor-version":[{"id":4772,"href":"https:\/\/stellahurtes.com\/fr\/wp-json\/wp\/v2\/pages\/4573\/revisions\/4772"}],"wp:attachment":[{"href":"https:\/\/stellahurtes.com\/fr\/wp-json\/wp\/v2\/media?parent=4573"}],"curies":[{"name":"wp","href":"https:\/\/api.w.org\/{rel}","templated":true}]}}