{"id":4584,"date":"2019-04-04T22:37:13","date_gmt":"2019-04-04T22:37:13","guid":{"rendered":"https:\/\/stellahurtes.com\/?page_id=4584"},"modified":"2019-05-01T14:01:32","modified_gmt":"2019-05-01T14:01:32","slug":"testimonials","status":"publish","type":"page","link":"https:\/\/stellahurtes.com\/fr\/testimonials\/","title":{"rendered":"T\u00e9moignages"},"content":{"rendered":"<div class=\"wpb-content-wrapper\"><p>[vc_row][vc_column][vc_empty_space height=&#8221;60&#8243;][\/vc_column][\/vc_row][vc_row][vc_column]<div style=\"visibility: hidden;\" id=\"carousel-anything-1\" class=\"gambit-carousel-anything carousel-anything-container owl-ca-carousel  has-arrows ca-equal-height\" data-slide-anim=\"fadeIn\" data-rtl=\"false\" data-items=\"1\"data-totalitems=\"0\" data-scroll_per_page=\"\" data-autoplay=\"4000\"data-items-tablet=\"1\" data-items-mobile=\"1\" data-stop-on-hover=\"true\" data-speed-scroll=\"800\" data-speed-rewind=\"1000\"data-thumbnails=\"both\" data-navigation=\"true\" data-touchdrag=\"false\" data-keyboard=\"cursor\" data-alignment=\"50\"data-start=\"0\">[vc_row_inner gap=&#8221;20&#8243;][vc_column_inner width=&#8221;1\/3&#8243;][vc_single_image image=&#8221;4447&#8243; img_size=&#8221;500&#215;500&#8243; alignment=&#8221;center&#8221; style=&#8221;vc_box_circle&#8221;][\/vc_column_inner][vc_column_inner width=&#8221;2\/3&#8243;][vc_column_text]<\/p>\n<h4>TAIGO de Julia en France<\/h4>\n<h4><strong>Adoption d\u2019un chien recueilli en Espagne<\/strong><\/h4>\n<p>\u201cCe fut une exp\u00e9rience merveilleusement riche qui a permis de renforcer notre amiti\u00e9 nouvellement \u00e9tablie et de cr\u00e9er un lien unique avec Taigo. Les d\u00e9buts ont \u00e9t\u00e9 difficiles (voyages, peur de son nouvel environnement, traumatismes de sa vie pass\u00e9e), mais gr\u00e2ce aux s\u00e9ances de communication de Stella avec Taigo, j&#8217;ai appris \u00e0 le mettre plus \u00e0 l&#8217;aise et \u00e0 comprendre ses comportements (uriner \u00e0 l&#8217;int\u00e9rieur la nuit, aboyer sur les hommes et autres chiens sans raison apparente) afin de mieux coexister ensemble. Je recommande cette pratique \u00e0 tous ceux qui ont des probl\u00e8mes avec leurs chiens, avant m\u00eame qu&#8217;ils n&#8217;approchent un comportementaliste de chiens. Merci encore Stella pour tout ce que tu lui as apport\u00e9 comme \u00e0 moi\u00a0!\u00a0\u201d[\/vc_column_text][\/vc_column_inner][\/vc_row_inner][vc_row_inner gap=&#8221;20&#8243;][vc_column_inner width=&#8221;2\/3&#8243;][vc_column_text]<\/p>\n<h4>FERGIE de Gabriela au Canada<\/h4>\n<h4><strong>R\u00e9cup\u00e9ration apr\u00e8s un accident<\/strong><\/h4>\n<p>\u201cStella n&#8217;est pas seulement une communicatrice animale talentueuse, mais aussi une personne compatissante et attentionn\u00e9e.\u00a0 Stella a travaill\u00e9 avec deux de mes chiens et a jou\u00e9 un r\u00f4le tr\u00e8s important dans le r\u00e9tablissement de Fergie apr\u00e8s son horrible accident d&#8217;oreille.\u00a0 Stella a aid\u00e9 Fergie \u00e0 comprendre \u00e0 quel point elle est encore belle malgr\u00e9 la perte partielle de ses oreilles et combien nous l&#8217;aimons encore. Je ne pense pas que Fergie se serait r\u00e9tablie aussi facilement et calmement sans l&#8217;aide de Stella, apr\u00e8s tout Fergie est une championne de beaut\u00e9 et toute sa vie son apparence a \u00e9t\u00e9 importante pour elle. Fergie est proche d&#8217;avoir 19 ans et gr\u00e2ce \u00e0 Stella, elle est toujours une caniche pleine d&#8217;\u00e9nergie et de confiance. Nous sommes \u00e9ternellement reconnaissants de l&#8217;aide aimante de Stella dans ce que je consid\u00e8re comme les heures les plus difficiles de notre vie.\u201d[\/vc_column_text][\/vc_column_inner][vc_column_inner width=&#8221;1\/3&#8243;][vc_single_image image=&#8221;4438&#8243; img_size=&#8221;500&#215;500&#8243; alignment=&#8221;center&#8221; style=&#8221;vc_box_circle&#8221;][\/vc_column_inner][\/vc_row_inner][vc_row_inner gap=&#8221;20&#8243;][vc_column_inner width=&#8221;1\/3&#8243;][vc_single_image image=&#8221;4441&#8243; img_size=&#8221;500&#215;500&#8243; alignment=&#8221;center&#8221; style=&#8221;vc_box_circle&#8221;][\/vc_column_inner][vc_column_inner width=&#8221;2\/3&#8243;][vc_column_text]<\/p>\n<h4>JALA de Sally en Australie<\/h4>\n<h4><strong>Changement de routine en raison d&#8217;un voyage<\/strong><\/h4>\n<p>\u201cJ&#8217;ai demand\u00e9 \u00e0 Stella de communiquer avec mes deux animaux et j&#8217;ai obtenu des r\u00e9sultats incroyables. Je lui ai envoy\u00e9 une vid\u00e9o et une photo de chacun d&#8217;eux et elle a tout de suite remarqu\u00e9 leurs traits de personnalit\u00e9 individuels. Elle a partag\u00e9 la chose pr\u00e9f\u00e9r\u00e9e de mon chien (baisers sur le nez) et a \u00e9galement partag\u00e9 mes c\u00e2lins secrets de chats dans le lit avec mon partenaire. Je lui ai demand\u00e9 d&#8217;informer nos animaux de nos contraintes professionnelles car nous voyageons beaucoup. Elle est revenue avec le souhait de nos animaux d&#8217;avoir certaines activit\u00e9s pendant notre absence. J&#8217;ai ressenti un soulagement et un r\u00e9confort \u00e9norme en comprenant leurs besoins et leurs pens\u00e9es. Je recommande vivement Stella.\u201d[\/vc_column_text][\/vc_column_inner][\/vc_row_inner][vc_row_inner gap=&#8221;20&#8243;][vc_column_inner width=&#8221;2\/3&#8243;][vc_column_text]<\/p>\n<h4>PANJO &amp; BLADE de Rosa en Afrique du Sud<\/h4>\n<h4><strong>Changement stressant pour des f\u00e9lins rescap\u00e9s <\/strong><\/h4>\n<p>&#8220;Quand Stella a communiqu\u00e9 avec nos 2 f\u00e9lins rescap\u00e9s, Panjo notre tigre et Blade notre jaguar, Panjo lui a dit que sa maison lui manquait apr\u00e8s que nous ayons perdu notre parc et que nous avons d\u00fb nous installer dans un endroit temporaire. Il lui a dit que le b\u00e2timent devant son enceinte &#8211; qui \u00e9tait notre restaurant &#8211; lui manquait et qu&#8217;il aimait tous les gens qui lui rendaient visite, et que la maison sur la colline &#8211; qui \u00e9tait ma maison &#8211; lui manquait.<\/p>\n<p>Blade lui a dit qu&#8217;il avait tr\u00e8s soif et qu&#8217;il faisait tr\u00e8s chaud, que les enclos temporaires n&#8217;avaient pas d&#8217;arbres ni de piscine qu&#8217;il aimait. Nous lui avons fait un abri et nous nous sommes assur\u00e9s qu&#8217;il y avait toujours de l&#8217;eau fra\u00eeche en abondance.<\/p>\n<p>Merci Stella et j&#8217;esp\u00e8re vous voir bient\u00f4t en Afrique du Sud.\u201d[\/vc_column_text][\/vc_column_inner][vc_column_inner width=&#8221;1\/3&#8243;][vc_single_image image=&#8221;4031&#8243; img_size=&#8221;500&#215;500&#8243; alignment=&#8221;center&#8221; style=&#8221;vc_box_circle&#8221;][\/vc_column_inner][\/vc_row_inner][vc_row_inner gap=&#8221;20&#8243;][vc_column_inner width=&#8221;1\/3&#8243;][vc_single_image image=&#8221;4443&#8243; img_size=&#8221;500&#215;500&#8243; alignment=&#8221;center&#8221; style=&#8221;vc_box_circle&#8221;][\/vc_column_inner][vc_column_inner width=&#8221;2\/3&#8243;][vc_column_text]<\/p>\n<h4>PASHMINA de Linda en France<\/h4>\n<h4><strong>Accompagnement en fin de vie<\/strong><\/h4>\n<p>&#8220;Pendant 3 jours, Pashmina n&#8217;a pas bu, ni mang\u00e9, car il lui \u00e9tait impossible de se lever et de marcher. J&#8217;ai appel\u00e9 Stella le troisi\u00e8me jour et le jour d&#8217;apr\u00e8s, mon chat s&#8217;est senti beaucoup mieux.<\/p>\n<p>Chaque jour, elle allait de mieux en mieux mais quinze jours plus tard, j&#8217;ai senti que son \u00e9tat se d\u00e9gradait. Je n&#8217;ai pas attendu, j&#8217;ai imm\u00e9diatement contact\u00e9 Stella et apr\u00e8s son intervention, Pashmina a \u00e9t\u00e9 revitalis\u00e9e. Et le plus surprenant, c&#8217;est que Stella a d\u00e9crit le comportement de Pashmina sans l&#8217;avoir vu comme moi j&#8217;avais pu le voir.<\/p>\n<p>Stella traduit par des mots ce que mon chat essaie de me faire comprendre par des gestes. C&#8217;est incroyable. L&#8217;aide que m&#8217;apporte Stella est inestimable, par sa pr\u00e9cision et son efficacit\u00e9 elle est d&#8217;un grand r\u00e9confort. Un grand merci !&#8221;[\/vc_column_text][\/vc_column_inner][\/vc_row_inner][vc_row_inner gap=&#8221;20&#8243;][vc_column_inner width=&#8221;2\/3&#8221;][vc_column_text]<\/p>\n<h4>PRINCESS de Petra en Allemagne<\/h4>\n<h4><strong>Assistance en fin de vie<\/strong><\/h4>\n<p>\u201cMa chatte Princesse \u00e9tait en train de mourir, alors j&#8217;ai contact\u00e9 Stella pour \u00e9tablir le contact avec elle. Cette situation \u00e9tait tr\u00e8s stressante pour moi, car je sentais que je ne pouvais pas faire grand-chose. La communication de Stella avec Princesse \u00e9tait rassurante. Je connaissais Stella pour l&#8217;avoir d\u00e9j\u00e0 rencontr\u00e9e et je peux donc attester qu&#8217;elle est passionn\u00e9e et talentueuse dans ses rapports avec les animaux. Ma chatte s&#8217;est sentie rassur\u00e9e par la communication avec elle et j&#8217;ai pu ressentir l&#8217;amour pour Princesse qui l&#8217;a aid\u00e9e au cours des derniers jours. Merci Stella pour votre communication bienveillante, je vous suis vraiment reconnaissante.\u201d[\/vc_column_text][\/vc_column_inner][vc_column_inner width=&#8221;1\/3&#8243;][vc_single_image image=&#8221;4445&#8243; img_size=&#8221;500&#215;500&#8243; alignment=&#8221;center&#8221; style=&#8221;vc_box_circle&#8221;][\/vc_column_inner][\/vc_row_inner][vc_row_inner gap=&#8221;20&#8243;][vc_column_inner width=&#8221;1\/3&#8243;][vc_single_image image=&#8221;4681&#8243; img_size=&#8221;500&#215;500&#8243; alignment=&#8221;center&#8221; style=&#8221;vc_box_circle&#8221;][\/vc_column_inner][vc_column_inner width=&#8221;2\/3&#8243;][vc_column_text]<\/p>\n<h4>INK de Kathryn au Royaume Uni<\/h4>\n<h4><strong>Probl\u00e8mes de comportement<\/strong><\/h4>\n<p>&#8220;La communication douce et aimante de Stella avec Ink et moi et sa capacit\u00e9 \u00e0 \u00e9tablir la confiance et le rapport nous ont aid\u00e9 \u00e0 am\u00e9liorer la relation et la compr\u00e9hension entre nous. Elle m&#8217;a donn\u00e9 une bonne suggestion que je peux adopter pour l&#8217;aider \u00e0 se sentir rassur\u00e9e, en s\u00e9curit\u00e9 et heureuse. Les gens veulent toujours caresser Ink, elle a cette jolie petite t\u00eate de chiot, mais a souvent peur quand ils se penchent sur elle, surtout les hommes, donc c&#8217;\u00e9tait bien pour moi de voir une am\u00e9lioration dans mes marches quotidiennes. .&#8221;[\/vc_column_text][\/vc_column_inner][\/vc_row_inner][vc_row_inner gap=&#8221;20&#8243;][vc_column_inner width=&#8221;2\/3&#8221;][vc_column_text]<\/p>\n<h4>QUOTA de Anick, France<\/h4>\n<h4><strong>Probl\u00e8me de comportement<\/strong><\/h4>\n<p>&#8220;Merci beaucoup pour l&#8217;excellent travail que vous avez fait avec mon cheval Quota. Je vois un changement clair dans son comportement et sa capacit\u00e9 d&#8217;attention. Gr\u00e2ce \u00e0 ma compr\u00e9hension plus profonde de son processus de pens\u00e9e, je sais maintenant quels exercices physiques lui conviennent le mieux. Cela semble la rendre plus heureuse et, par cons\u00e9quent, elle ne salit plus intentionnellement son eau potable. Merci de m&#8217;avoir permis d&#8217;avoir une connexion plus profonde avec elle, une exp\u00e9rience tr\u00e8s \u00e9clairante.&#8221;[\/vc_column_text][\/vc_column_inner][vc_column_inner width=&#8221;1\/3&#8243;][vc_single_image image=&#8221;4687&#8243; img_size=&#8221;500&#215;500&#8243; alignment=&#8221;center&#8221; style=&#8221;vc_box_circle&#8221;][\/vc_column_inner][\/vc_row_inner]<\/div>[\/vc_column][\/vc_row][vc_row][vc_column][vc_empty_space height=&#8221;120&#8243;][\/vc_column][\/vc_row]<\/p>\n<\/div>","protected":false},"excerpt":{"rendered":"<p>[vc_row][vc_column][vc_empty_space height=&#8221;60&#8243;][\/vc_column][\/vc_row][vc_row][vc_column][\/vc_column][\/vc_row][vc_row][vc_column][vc_empty_space height=&#8221;120&#8243;][\/vc_column][\/vc_row]<\/p>\n","protected":false},"author":3,"featured_media":0,"parent":0,"menu_order":0,"comment_status":"closed","ping_status":"closed","template":"","meta":{"footnotes":""},"class_list":["post-4584","page","type-page","status-publish","hentry"],"yoast_head":"<!-- This site is optimized with the Yoast SEO plugin v24.7 - https:\/\/yoast.com\/wordpress\/plugins\/seo\/ -->\n<title>T\u00e9moignages - stellahurtes<\/title>\n<meta name=\"robots\" content=\"index, follow, max-snippet:-1, max-image-preview:large, max-video-preview:-1\" \/>\n<link rel=\"canonical\" href=\"https:\/\/stellahurtes.com\/fr\/testimonials\/\" \/>\n<meta property=\"og:locale\" content=\"fr_FR\" \/>\n<meta property=\"og:type\" content=\"article\" \/>\n<meta property=\"og:title\" content=\"T\u00e9moignages - stellahurtes\" \/>\n<meta property=\"og:description\" content=\"[vc_row][vc_column][vc_empty_space height=&#8221;60&#8243;][\/vc_column][\/vc_row][vc_row][vc_column][\/vc_column][\/vc_row][vc_row][vc_column][vc_empty_space height=&#8221;120&#8243;][\/vc_column][\/vc_row]\" \/>\n<meta property=\"og:url\" content=\"https:\/\/stellahurtes.com\/fr\/testimonials\/\" \/>\n<meta property=\"og:site_name\" content=\"stellahurtes\" \/>\n<meta property=\"article:modified_time\" content=\"2019-05-01T14:01:32+00:00\" \/>\n<meta name=\"twitter:card\" content=\"summary_large_image\" \/>\n<meta name=\"twitter:label1\" content=\"Dur\u00e9e de lecture estim\u00e9e\" \/>\n\t<meta name=\"twitter:data1\" content=\"7 minutes\" \/>\n<script type=\"application\/ld+json\" class=\"yoast-schema-graph\">{\"@context\":\"https:\/\/schema.org\",\"@graph\":[{\"@type\":\"WebPage\",\"@id\":\"https:\/\/stellahurtes.com\/fr\/testimonials\/\",\"url\":\"https:\/\/stellahurtes.com\/fr\/testimonials\/\",\"name\":\"T\u00e9moignages - stellahurtes\",\"isPartOf\":{\"@id\":\"https:\/\/stellahurtes.com\/fr\/#website\"},\"datePublished\":\"2019-04-04T22:37:13+00:00\",\"dateModified\":\"2019-05-01T14:01:32+00:00\",\"breadcrumb\":{\"@id\":\"https:\/\/stellahurtes.com\/fr\/testimonials\/#breadcrumb\"},\"inLanguage\":\"fr-FR\",\"potentialAction\":[{\"@type\":\"ReadAction\",\"target\":[\"https:\/\/stellahurtes.com\/fr\/testimonials\/\"]}]},{\"@type\":\"BreadcrumbList\",\"@id\":\"https:\/\/stellahurtes.com\/fr\/testimonials\/#breadcrumb\",\"itemListElement\":[{\"@type\":\"ListItem\",\"position\":1,\"name\":\"Home\",\"item\":\"https:\/\/stellahurtes.com\/fr\/\"},{\"@type\":\"ListItem\",\"position\":2,\"name\":\"T\u00e9moignages\"}]},{\"@type\":\"WebSite\",\"@id\":\"https:\/\/stellahurtes.com\/fr\/#website\",\"url\":\"https:\/\/stellahurtes.com\/fr\/\",\"name\":\"stellahurtes\",\"description\":\"\",\"potentialAction\":[{\"@type\":\"SearchAction\",\"target\":{\"@type\":\"EntryPoint\",\"urlTemplate\":\"https:\/\/stellahurtes.com\/fr\/?s={search_term_string}\"},\"query-input\":{\"@type\":\"PropertyValueSpecification\",\"valueRequired\":true,\"valueName\":\"search_term_string\"}}],\"inLanguage\":\"fr-FR\"}]}<\/script>\n<!-- \/ Yoast SEO plugin. -->","yoast_head_json":{"title":"T\u00e9moignages - stellahurtes","robots":{"index":"index","follow":"follow","max-snippet":"max-snippet:-1","max-image-preview":"max-image-preview:large","max-video-preview":"max-video-preview:-1"},"canonical":"https:\/\/stellahurtes.com\/fr\/testimonials\/","og_locale":"fr_FR","og_type":"article","og_title":"T\u00e9moignages - stellahurtes","og_description":"[vc_row][vc_column][vc_empty_space height=&#8221;60&#8243;][\/vc_column][\/vc_row][vc_row][vc_column][\/vc_column][\/vc_row][vc_row][vc_column][vc_empty_space height=&#8221;120&#8243;][\/vc_column][\/vc_row]","og_url":"https:\/\/stellahurtes.com\/fr\/testimonials\/","og_site_name":"stellahurtes","article_modified_time":"2019-05-01T14:01:32+00:00","twitter_card":"summary_large_image","twitter_misc":{"Dur\u00e9e de lecture estim\u00e9e":"7 minutes"},"schema":{"@context":"https:\/\/schema.org","@graph":[{"@type":"WebPage","@id":"https:\/\/stellahurtes.com\/fr\/testimonials\/","url":"https:\/\/stellahurtes.com\/fr\/testimonials\/","name":"T\u00e9moignages - stellahurtes","isPartOf":{"@id":"https:\/\/stellahurtes.com\/fr\/#website"},"datePublished":"2019-04-04T22:37:13+00:00","dateModified":"2019-05-01T14:01:32+00:00","breadcrumb":{"@id":"https:\/\/stellahurtes.com\/fr\/testimonials\/#breadcrumb"},"inLanguage":"fr-FR","potentialAction":[{"@type":"ReadAction","target":["https:\/\/stellahurtes.com\/fr\/testimonials\/"]}]},{"@type":"BreadcrumbList","@id":"https:\/\/stellahurtes.com\/fr\/testimonials\/#breadcrumb","itemListElement":[{"@type":"ListItem","position":1,"name":"Home","item":"https:\/\/stellahurtes.com\/fr\/"},{"@type":"ListItem","position":2,"name":"T\u00e9moignages"}]},{"@type":"WebSite","@id":"https:\/\/stellahurtes.com\/fr\/#website","url":"https:\/\/stellahurtes.com\/fr\/","name":"stellahurtes","description":"","potentialAction":[{"@type":"SearchAction","target":{"@type":"EntryPoint","urlTemplate":"https:\/\/stellahurtes.com\/fr\/?s={search_term_string}"},"query-input":{"@type":"PropertyValueSpecification","valueRequired":true,"valueName":"search_term_string"}}],"inLanguage":"fr-FR"}]}},"_links":{"self":[{"href":"https:\/\/stellahurtes.com\/fr\/wp-json\/wp\/v2\/pages\/4584","targetHints":{"allow":["GET"]}}],"collection":[{"href":"https:\/\/stellahurtes.com\/fr\/wp-json\/wp\/v2\/pages"}],"about":[{"href":"https:\/\/stellahurtes.com\/fr\/wp-json\/wp\/v2\/types\/page"}],"author":[{"embeddable":true,"href":"https:\/\/stellahurtes.com\/fr\/wp-json\/wp\/v2\/users\/3"}],"replies":[{"embeddable":true,"href":"https:\/\/stellahurtes.com\/fr\/wp-json\/wp\/v2\/comments?post=4584"}],"version-history":[{"count":21,"href":"https:\/\/stellahurtes.com\/fr\/wp-json\/wp\/v2\/pages\/4584\/revisions"}],"predecessor-version":[{"id":4720,"href":"https:\/\/stellahurtes.com\/fr\/wp-json\/wp\/v2\/pages\/4584\/revisions\/4720"}],"wp:attachment":[{"href":"https:\/\/stellahurtes.com\/fr\/wp-json\/wp\/v2\/media?parent=4584"}],"curies":[{"name":"wp","href":"https:\/\/api.w.org\/{rel}","templated":true}]}}