{"id":4590,"date":"2019-04-04T22:43:42","date_gmt":"2019-04-04T22:43:42","guid":{"rendered":"https:\/\/stellahurtes.com\/?page_id=4590"},"modified":"2019-04-21T12:40:05","modified_gmt":"2019-04-21T12:40:05","slug":"animal-communication","status":"publish","type":"page","link":"https:\/\/stellahurtes.com\/fr\/animal-communication\/","title":{"rendered":"Communication animale"},"content":{"rendered":"<div class=\"wpb-content-wrapper\"><p>[vc_row][vc_column][vc_empty_space height=&#8221;60&#8243;][\/vc_column][\/vc_row][vc_row][vc_column width=&#8221;1\/2&#8243;][vc_column_text]La communication animale est le processus invisible de communication t\u00e9l\u00e9pathique, pour \u00e9changer des messages mentaux silencieux entre un animal et un humain. Elle peut \u00eatre faite \u00e0 distance, n\u2019importe quand, en pr\u00e9sence de l\u2019animal ou \u00e0 partir d\u2019une photo car c\u2019est une connexion \u00e0 une fr\u00e9quence que l\u2019animal fait vibrer et \u00e0 laquelle nous nous connectons. Nous pouvons recevoir ces informations de diff\u00e9rentes mani\u00e8res :<\/p>\n<ul>\n<li>\u00e9motions<\/li>\n<li>sentiments<\/li>\n<li>visuels que nous recevons sous forme d&#8217;images mentales<\/li>\n<li>entendre des sons ou des mots<\/li>\n<li>savoir<\/li>\n<\/ul>\n<p>La capacit\u00e9 remonte \u00e0 l&#8217;antiquit\u00e9. C&#8217;est la sagesse ancestrale intuitive de tous les \u00eatres connect\u00e9s les uns aux autres. Les Am\u00e9rindiens ne parlaient pas \u00e0 leurs enfants avant qu&#8217;ils n&#8217;aient l&#8217;\u00e2ge de parler, ils ne communiquaient que par t\u00e9l\u00e9pathie.<\/p>\n<p>Les San, les Bushmen ont une connaissance approfondie de leur environnement et de leurs animaux. Quand ils chassent, ils font taire leur esprit ce qui leur permet de recevoir des informations sur les animaux qu&#8217;ils traquent et pour lesquels ils ont un grand respect, ils honorent profond\u00e9ment leur proie.<\/p>\n<p>Vous devez consid\u00e9rer que nous sommes tous des individus, c&#8217;est pareil pour toutes les formes de vie, les \u00eatres humains ont diff\u00e9rents go\u00fbts, les animaux \u00e9galement.[\/vc_column_text][\/vc_column][vc_column width=&#8221;1\/2&#8243;][vc_single_image image=&#8221;4237&#8243; img_size=&#8221;large&#8221; alignment=&#8221;center&#8221;][\/vc_column][\/vc_row][vc_row][vc_column][vc_empty_space height=&#8221;60&#8243;][\/vc_column][\/vc_row]<\/p>\n<\/div>","protected":false},"excerpt":{"rendered":"<p>[vc_row][vc_column][vc_empty_space height=&#8221;60&#8243;][\/vc_column][\/vc_row][vc_row][vc_column width=&#8221;1\/2&#8243;][vc_column_text]La communication animale est le processus invisible de communication t\u00e9l\u00e9pathique, pour \u00e9changer des messages mentaux silencieux entre un animal et un humain. Elle peut \u00eatre faite \u00e0 distance, n\u2019importe quand, en pr\u00e9sence de l\u2019animal ou \u00e0 partir d\u2019une photo car c\u2019est une connexion \u00e0 une fr\u00e9quence que l\u2019animal fait vibrer et \u00e0 laquelle [&hellip;]<\/p>\n","protected":false},"author":3,"featured_media":0,"parent":0,"menu_order":0,"comment_status":"closed","ping_status":"closed","template":"","meta":{"footnotes":""},"class_list":["post-4590","page","type-page","status-publish","hentry"],"yoast_head":"<!-- This site is optimized with the Yoast SEO plugin v24.7 - https:\/\/yoast.com\/wordpress\/plugins\/seo\/ -->\n<title>Communication animale - stellahurtes<\/title>\n<meta name=\"robots\" content=\"index, follow, max-snippet:-1, max-image-preview:large, max-video-preview:-1\" \/>\n<link rel=\"canonical\" href=\"https:\/\/stellahurtes.com\/fr\/animal-communication\/\" \/>\n<meta property=\"og:locale\" content=\"fr_FR\" \/>\n<meta property=\"og:type\" content=\"article\" \/>\n<meta property=\"og:title\" content=\"Communication animale - stellahurtes\" \/>\n<meta property=\"og:description\" content=\"[vc_row][vc_column][vc_empty_space height=&#8221;60&#8243;][\/vc_column][\/vc_row][vc_row][vc_column width=&#8221;1\/2&#8243;][vc_column_text]La communication animale est le processus invisible de communication t\u00e9l\u00e9pathique, pour \u00e9changer des messages mentaux silencieux entre un animal et un humain. Elle peut \u00eatre faite \u00e0 distance, n\u2019importe quand, en pr\u00e9sence de l\u2019animal ou \u00e0 partir d\u2019une photo car c\u2019est une connexion \u00e0 une fr\u00e9quence que l\u2019animal fait vibrer et \u00e0 laquelle [&hellip;]\" \/>\n<meta property=\"og:url\" content=\"https:\/\/stellahurtes.com\/fr\/animal-communication\/\" \/>\n<meta property=\"og:site_name\" content=\"stellahurtes\" \/>\n<meta property=\"article:modified_time\" content=\"2019-04-21T12:40:05+00:00\" \/>\n<meta name=\"twitter:card\" content=\"summary_large_image\" \/>\n<meta name=\"twitter:label1\" content=\"Dur\u00e9e de lecture estim\u00e9e\" \/>\n\t<meta name=\"twitter:data1\" content=\"1 minute\" \/>\n<script type=\"application\/ld+json\" class=\"yoast-schema-graph\">{\"@context\":\"https:\/\/schema.org\",\"@graph\":[{\"@type\":\"WebPage\",\"@id\":\"https:\/\/stellahurtes.com\/fr\/animal-communication\/\",\"url\":\"https:\/\/stellahurtes.com\/fr\/animal-communication\/\",\"name\":\"Communication animale - stellahurtes\",\"isPartOf\":{\"@id\":\"https:\/\/stellahurtes.com\/fr\/#website\"},\"datePublished\":\"2019-04-04T22:43:42+00:00\",\"dateModified\":\"2019-04-21T12:40:05+00:00\",\"breadcrumb\":{\"@id\":\"https:\/\/stellahurtes.com\/fr\/animal-communication\/#breadcrumb\"},\"inLanguage\":\"fr-FR\",\"potentialAction\":[{\"@type\":\"ReadAction\",\"target\":[\"https:\/\/stellahurtes.com\/fr\/animal-communication\/\"]}]},{\"@type\":\"BreadcrumbList\",\"@id\":\"https:\/\/stellahurtes.com\/fr\/animal-communication\/#breadcrumb\",\"itemListElement\":[{\"@type\":\"ListItem\",\"position\":1,\"name\":\"Home\",\"item\":\"https:\/\/stellahurtes.com\/fr\/\"},{\"@type\":\"ListItem\",\"position\":2,\"name\":\"Communication animale\"}]},{\"@type\":\"WebSite\",\"@id\":\"https:\/\/stellahurtes.com\/fr\/#website\",\"url\":\"https:\/\/stellahurtes.com\/fr\/\",\"name\":\"stellahurtes\",\"description\":\"\",\"potentialAction\":[{\"@type\":\"SearchAction\",\"target\":{\"@type\":\"EntryPoint\",\"urlTemplate\":\"https:\/\/stellahurtes.com\/fr\/?s={search_term_string}\"},\"query-input\":{\"@type\":\"PropertyValueSpecification\",\"valueRequired\":true,\"valueName\":\"search_term_string\"}}],\"inLanguage\":\"fr-FR\"}]}<\/script>\n<!-- \/ Yoast SEO plugin. -->","yoast_head_json":{"title":"Communication animale - stellahurtes","robots":{"index":"index","follow":"follow","max-snippet":"max-snippet:-1","max-image-preview":"max-image-preview:large","max-video-preview":"max-video-preview:-1"},"canonical":"https:\/\/stellahurtes.com\/fr\/animal-communication\/","og_locale":"fr_FR","og_type":"article","og_title":"Communication animale - stellahurtes","og_description":"[vc_row][vc_column][vc_empty_space height=&#8221;60&#8243;][\/vc_column][\/vc_row][vc_row][vc_column width=&#8221;1\/2&#8243;][vc_column_text]La communication animale est le processus invisible de communication t\u00e9l\u00e9pathique, pour \u00e9changer des messages mentaux silencieux entre un animal et un humain. Elle peut \u00eatre faite \u00e0 distance, n\u2019importe quand, en pr\u00e9sence de l\u2019animal ou \u00e0 partir d\u2019une photo car c\u2019est une connexion \u00e0 une fr\u00e9quence que l\u2019animal fait vibrer et \u00e0 laquelle [&hellip;]","og_url":"https:\/\/stellahurtes.com\/fr\/animal-communication\/","og_site_name":"stellahurtes","article_modified_time":"2019-04-21T12:40:05+00:00","twitter_card":"summary_large_image","twitter_misc":{"Dur\u00e9e de lecture estim\u00e9e":"1 minute"},"schema":{"@context":"https:\/\/schema.org","@graph":[{"@type":"WebPage","@id":"https:\/\/stellahurtes.com\/fr\/animal-communication\/","url":"https:\/\/stellahurtes.com\/fr\/animal-communication\/","name":"Communication animale - stellahurtes","isPartOf":{"@id":"https:\/\/stellahurtes.com\/fr\/#website"},"datePublished":"2019-04-04T22:43:42+00:00","dateModified":"2019-04-21T12:40:05+00:00","breadcrumb":{"@id":"https:\/\/stellahurtes.com\/fr\/animal-communication\/#breadcrumb"},"inLanguage":"fr-FR","potentialAction":[{"@type":"ReadAction","target":["https:\/\/stellahurtes.com\/fr\/animal-communication\/"]}]},{"@type":"BreadcrumbList","@id":"https:\/\/stellahurtes.com\/fr\/animal-communication\/#breadcrumb","itemListElement":[{"@type":"ListItem","position":1,"name":"Home","item":"https:\/\/stellahurtes.com\/fr\/"},{"@type":"ListItem","position":2,"name":"Communication animale"}]},{"@type":"WebSite","@id":"https:\/\/stellahurtes.com\/fr\/#website","url":"https:\/\/stellahurtes.com\/fr\/","name":"stellahurtes","description":"","potentialAction":[{"@type":"SearchAction","target":{"@type":"EntryPoint","urlTemplate":"https:\/\/stellahurtes.com\/fr\/?s={search_term_string}"},"query-input":{"@type":"PropertyValueSpecification","valueRequired":true,"valueName":"search_term_string"}}],"inLanguage":"fr-FR"}]}},"_links":{"self":[{"href":"https:\/\/stellahurtes.com\/fr\/wp-json\/wp\/v2\/pages\/4590","targetHints":{"allow":["GET"]}}],"collection":[{"href":"https:\/\/stellahurtes.com\/fr\/wp-json\/wp\/v2\/pages"}],"about":[{"href":"https:\/\/stellahurtes.com\/fr\/wp-json\/wp\/v2\/types\/page"}],"author":[{"embeddable":true,"href":"https:\/\/stellahurtes.com\/fr\/wp-json\/wp\/v2\/users\/3"}],"replies":[{"embeddable":true,"href":"https:\/\/stellahurtes.com\/fr\/wp-json\/wp\/v2\/comments?post=4590"}],"version-history":[{"count":8,"href":"https:\/\/stellahurtes.com\/fr\/wp-json\/wp\/v2\/pages\/4590\/revisions"}],"predecessor-version":[{"id":4707,"href":"https:\/\/stellahurtes.com\/fr\/wp-json\/wp\/v2\/pages\/4590\/revisions\/4707"}],"wp:attachment":[{"href":"https:\/\/stellahurtes.com\/fr\/wp-json\/wp\/v2\/media?parent=4590"}],"curies":[{"name":"wp","href":"https:\/\/api.w.org\/{rel}","templated":true}]}}