{"id":4610,"date":"2019-04-04T23:04:56","date_gmt":"2019-04-04T23:04:56","guid":{"rendered":"https:\/\/stellahurtes.com\/?page_id=4610"},"modified":"2019-04-20T15:30:51","modified_gmt":"2019-04-20T15:30:51","slug":"14-reasons-why-you-would-need-an-animal-communication","status":"publish","type":"page","link":"https:\/\/stellahurtes.com\/fr\/14-reasons-why-you-would-need-an-animal-communication\/","title":{"rendered":"14 Raisons pour lesquelles vous auriez besoin d\u2019une COMMUNICATION ANIMALE"},"content":{"rendered":"<div class=\"wpb-content-wrapper\"><p>[vc_row][vc_column][vc_empty_space height=&#8221;60&#8243;][\/vc_column][\/vc_row][vc_row][vc_column width=&#8221;2\/3&#8243;][vc_row_inner][vc_column_inner width=&#8221;1\/3&#8243;][vc_column_text]<\/p>\n<h2 style=\"text-align: center;\">1<\/h2>\n<p style=\"text-align: center;\">Une meilleure compr\u00e9hension du bien-\u00eatre de votre animal, de comment il se sent dans son environnement, de ses besoins, la possibilit\u00e9 de recevoir ce qu\u2019il a \u00e0 communiquer avec vous et de partager avec lui.<\/p>\n<p>[\/vc_column_text][\/vc_column_inner][vc_column_inner width=&#8221;1\/3&#8243;][vc_column_text]<\/p>\n<h2 style=\"text-align: center;\">2<\/h2>\n<p style=\"text-align: center;\">D\u00e9couvrir les raisons li\u00e9es \u00e0 des probl\u00e8mes comportementaux de votre animal sachant qu&#8217;il agit naturellement d&#8217;une mani\u00e8re qui ne peut parfois pas \u00eatre adapt\u00e9e \u00e0 notre mode de vie ou \u00e0 nos attentes.<\/p>\n<p>[\/vc_column_text][\/vc_column_inner][vc_column_inner width=&#8221;1\/3&#8243;][vc_column_text]<\/p>\n<h2 style=\"text-align: center;\">3<\/h2>\n<p style=\"text-align: center;\">Comprendre ses \u00e9motions, les partager et l\u2019aider.<\/p>\n<p>[\/vc_column_text][\/vc_column_inner][\/vc_row_inner][vc_empty_space height=&#8221;30&#8243;][vc_row_inner][vc_column_inner width=&#8221;1\/3&#8243;][vc_column_text]<\/p>\n<h2 style=\"text-align: center;\">4<\/h2>\n<p style=\"text-align: center;\">V\u00e9rifier un malaise physique, o\u00f9 il ressent de la douleur et comment nous pouvons l\u2019aider.<\/p>\n<p>[\/vc_column_text][\/vc_column_inner][vc_column_inner width=&#8221;1\/3&#8243;][vc_column_text]<\/p>\n<h2 style=\"text-align: center;\">5<\/h2>\n<p style=\"text-align: center;\">L\u2019informer de votre absence, de vos vacances et de votre retour car cela peut l\u2019aider \u00e0 r\u00e9duire le stress li\u00e9 \u00e0 son anxi\u00e9t\u00e9<\/p>\n<p>[\/vc_column_text][\/vc_column_inner][vc_column_inner width=&#8221;1\/3&#8243;][vc_column_text]<\/p>\n<h2 style=\"text-align: center;\">6<\/h2>\n<p style=\"text-align: center;\">Le pr\u00e9parer \u00e0 un changement au sein de la famille (d\u00e9m\u00e9nagement, voyage, naissance).<\/p>\n<p>[\/vc_column_text][\/vc_column_inner][\/vc_row_inner][\/vc_column][vc_column width=&#8221;1\/3&#8243;][vc_single_image image=&#8221;4435&#8243; img_size=&#8221;full&#8221; alignment=&#8221;center&#8221;][\/vc_column][\/vc_row][vc_row][vc_column][vc_empty_space height=&#8221;60&#8243;][\/vc_column][\/vc_row][vc_row][vc_column width=&#8221;2\/3&#8243;][vc_row_inner][vc_column_inner width=&#8221;1\/3&#8243;][vc_column_text]<\/p>\n<h2 style=\"text-align: center;\">7<\/h2>\n<p style=\"text-align: center;\">Arriv\u00e9e d\u2019un nouvel animal dans la maison.<\/p>\n<p>[\/vc_column_text][\/vc_column_inner][vc_column_inner width=&#8221;1\/3&#8243;][vc_column_text]<\/p>\n<h2 style=\"text-align: center;\">8<\/h2>\n<p style=\"text-align: center;\">Peur que votre animal refl\u00e8te votre propre stress ou maladie.<\/p>\n<p>[\/vc_column_text][\/vc_column_inner][vc_column_inner width=&#8221;1\/3&#8243;][vc_column_text]<\/p>\n<h2 style=\"text-align: center;\">9<\/h2>\n<p style=\"text-align: center;\">En cas de divorce, comprendre avec qui l&#8217;animal veut rester et comment cette situation l&#8217;affecte.<\/p>\n<p>[\/vc_column_text][\/vc_column_inner][\/vc_row_inner][vc_empty_space height=&#8221;30&#8243;][vc_row_inner][vc_column_inner width=&#8221;1\/3&#8243;][vc_column_text]<\/p>\n<h2 style=\"text-align: center;\">10<\/h2>\n<p style=\"text-align: center;\">Aider les animaux abandonn\u00e9s qui ont besoin d&#8217;aide pour trouver une nouvelle maison, leur expliquer ce que signifie l&#8217;adoption et d\u00e9couvrir avec quelle famille ils aimeraient vivre.<\/p>\n<p>[\/vc_column_text][\/vc_column_inner][vc_column_inner width=&#8221;1\/3&#8243;][vc_column_text]<\/p>\n<h2 style=\"text-align: center;\">11<\/h2>\n<p style=\"text-align: center;\">Vous avez adopt\u00e9 un animal, vous \u00eates pr\u00e9occup\u00e9 par le traumatisme li\u00e9 \u00e0 son pass\u00e9 et voulez l&#8217;aider \u00e0 gu\u00e9rir.<\/p>\n<p>[\/vc_column_text][\/vc_column_inner][vc_column_inner width=&#8221;1\/3&#8243;][vc_column_text]<\/p>\n<h2 style=\"text-align: center;\">12<\/h2>\n<p style=\"text-align: center;\">Le pr\u00e9parer \u00e0 une proc\u00e9dure m\u00e9dicale, lui dire ce qui va se passer et pourquoi.<\/p>\n<p>[\/vc_column_text][\/vc_column_inner][\/vc_row_inner][vc_empty_space height=&#8221;30&#8243;][vc_row_inner][vc_column_inner width=&#8221;1\/3&#8243;][vc_column_text]<\/p>\n<h2 style=\"text-align: center;\">13<\/h2>\n<p style=\"text-align: center;\">Soutenir et comprendre avec compassion les besoins de votre animal avant sa mort, quand est-il pr\u00eat \u00e0 passer et s\u2019il souhaite \u00eatre assist\u00e9 par un v\u00e9t\u00e9rinaire ?<\/p>\n<p>[\/vc_column_text][\/vc_column_inner][vc_column_inner width=&#8221;1\/3&#8243;][vc_column_text]<\/p>\n<h2 style=\"text-align: center;\">14<\/h2>\n<p style=\"text-align: center;\">Se connecter \u00e0 l\u2019esprit de votre animal apr\u00e8s sa mort.<\/p>\n<p>[\/vc_column_text][\/vc_column_inner][vc_column_inner width=&#8221;1\/3&#8243;][\/vc_column_inner][\/vc_row_inner][\/vc_column][vc_column width=&#8221;1\/3&#8243;][\/vc_column][\/vc_row][vc_row][vc_column][vc_empty_space height=&#8221;60&#8243;][\/vc_column][\/vc_row]<\/p>\n<\/div>","protected":false},"excerpt":{"rendered":"<p>[vc_row][vc_column][vc_empty_space height=&#8221;60&#8243;][\/vc_column][\/vc_row][vc_row][vc_column width=&#8221;2\/3&#8243;][vc_row_inner][vc_column_inner width=&#8221;1\/3&#8243;][vc_column_text] 1 Une meilleure compr\u00e9hension du bien-\u00eatre de votre animal, de comment il se sent dans son environnement, de ses besoins, la possibilit\u00e9 de recevoir ce qu\u2019il a \u00e0 communiquer avec vous et de partager avec lui. [\/vc_column_text][\/vc_column_inner][vc_column_inner width=&#8221;1\/3&#8243;][vc_column_text] 2 D\u00e9couvrir les raisons li\u00e9es \u00e0 des probl\u00e8mes comportementaux de votre animal sachant [&hellip;]<\/p>\n","protected":false},"author":3,"featured_media":0,"parent":0,"menu_order":0,"comment_status":"closed","ping_status":"closed","template":"","meta":{"footnotes":""},"class_list":["post-4610","page","type-page","status-publish","hentry"],"yoast_head":"<!-- This site is optimized with the Yoast SEO plugin v24.7 - https:\/\/yoast.com\/wordpress\/plugins\/seo\/ -->\n<title>14 Raisons pour lesquelles vous auriez besoin d\u2019une COMMUNICATION ANIMALE - stellahurtes<\/title>\n<meta name=\"robots\" content=\"index, follow, max-snippet:-1, max-image-preview:large, max-video-preview:-1\" \/>\n<link rel=\"canonical\" href=\"https:\/\/stellahurtes.com\/fr\/14-reasons-why-you-would-need-an-animal-communication\/\" \/>\n<meta property=\"og:locale\" content=\"fr_FR\" \/>\n<meta property=\"og:type\" content=\"article\" \/>\n<meta property=\"og:title\" content=\"14 Raisons pour lesquelles vous auriez besoin d\u2019une COMMUNICATION ANIMALE - stellahurtes\" \/>\n<meta property=\"og:description\" content=\"[vc_row][vc_column][vc_empty_space height=&#8221;60&#8243;][\/vc_column][\/vc_row][vc_row][vc_column width=&#8221;2\/3&#8243;][vc_row_inner][vc_column_inner width=&#8221;1\/3&#8243;][vc_column_text] 1 Une meilleure compr\u00e9hension du bien-\u00eatre de votre animal, de comment il se sent dans son environnement, de ses besoins, la possibilit\u00e9 de recevoir ce qu\u2019il a \u00e0 communiquer avec vous et de partager avec lui. [\/vc_column_text][\/vc_column_inner][vc_column_inner width=&#8221;1\/3&#8243;][vc_column_text] 2 D\u00e9couvrir les raisons li\u00e9es \u00e0 des probl\u00e8mes comportementaux de votre animal sachant [&hellip;]\" \/>\n<meta property=\"og:url\" content=\"https:\/\/stellahurtes.com\/fr\/14-reasons-why-you-would-need-an-animal-communication\/\" \/>\n<meta property=\"og:site_name\" content=\"stellahurtes\" \/>\n<meta property=\"article:modified_time\" content=\"2019-04-20T15:30:51+00:00\" \/>\n<meta name=\"twitter:card\" content=\"summary_large_image\" \/>\n<meta name=\"twitter:label1\" content=\"Dur\u00e9e de lecture estim\u00e9e\" \/>\n\t<meta name=\"twitter:data1\" content=\"3 minutes\" \/>\n<script type=\"application\/ld+json\" class=\"yoast-schema-graph\">{\"@context\":\"https:\/\/schema.org\",\"@graph\":[{\"@type\":\"WebPage\",\"@id\":\"https:\/\/stellahurtes.com\/fr\/14-reasons-why-you-would-need-an-animal-communication\/\",\"url\":\"https:\/\/stellahurtes.com\/fr\/14-reasons-why-you-would-need-an-animal-communication\/\",\"name\":\"14 Raisons pour lesquelles vous auriez besoin d\u2019une COMMUNICATION ANIMALE - stellahurtes\",\"isPartOf\":{\"@id\":\"https:\/\/stellahurtes.com\/fr\/#website\"},\"datePublished\":\"2019-04-04T23:04:56+00:00\",\"dateModified\":\"2019-04-20T15:30:51+00:00\",\"breadcrumb\":{\"@id\":\"https:\/\/stellahurtes.com\/fr\/14-reasons-why-you-would-need-an-animal-communication\/#breadcrumb\"},\"inLanguage\":\"fr-FR\",\"potentialAction\":[{\"@type\":\"ReadAction\",\"target\":[\"https:\/\/stellahurtes.com\/fr\/14-reasons-why-you-would-need-an-animal-communication\/\"]}]},{\"@type\":\"BreadcrumbList\",\"@id\":\"https:\/\/stellahurtes.com\/fr\/14-reasons-why-you-would-need-an-animal-communication\/#breadcrumb\",\"itemListElement\":[{\"@type\":\"ListItem\",\"position\":1,\"name\":\"Home\",\"item\":\"https:\/\/stellahurtes.com\/fr\/\"},{\"@type\":\"ListItem\",\"position\":2,\"name\":\"14 Raisons pour lesquelles vous auriez besoin d\u2019une COMMUNICATION ANIMALE\"}]},{\"@type\":\"WebSite\",\"@id\":\"https:\/\/stellahurtes.com\/fr\/#website\",\"url\":\"https:\/\/stellahurtes.com\/fr\/\",\"name\":\"stellahurtes\",\"description\":\"\",\"potentialAction\":[{\"@type\":\"SearchAction\",\"target\":{\"@type\":\"EntryPoint\",\"urlTemplate\":\"https:\/\/stellahurtes.com\/fr\/?s={search_term_string}\"},\"query-input\":{\"@type\":\"PropertyValueSpecification\",\"valueRequired\":true,\"valueName\":\"search_term_string\"}}],\"inLanguage\":\"fr-FR\"}]}<\/script>\n<!-- \/ Yoast SEO plugin. -->","yoast_head_json":{"title":"14 Raisons pour lesquelles vous auriez besoin d\u2019une COMMUNICATION ANIMALE - stellahurtes","robots":{"index":"index","follow":"follow","max-snippet":"max-snippet:-1","max-image-preview":"max-image-preview:large","max-video-preview":"max-video-preview:-1"},"canonical":"https:\/\/stellahurtes.com\/fr\/14-reasons-why-you-would-need-an-animal-communication\/","og_locale":"fr_FR","og_type":"article","og_title":"14 Raisons pour lesquelles vous auriez besoin d\u2019une COMMUNICATION ANIMALE - stellahurtes","og_description":"[vc_row][vc_column][vc_empty_space height=&#8221;60&#8243;][\/vc_column][\/vc_row][vc_row][vc_column width=&#8221;2\/3&#8243;][vc_row_inner][vc_column_inner width=&#8221;1\/3&#8243;][vc_column_text] 1 Une meilleure compr\u00e9hension du bien-\u00eatre de votre animal, de comment il se sent dans son environnement, de ses besoins, la possibilit\u00e9 de recevoir ce qu\u2019il a \u00e0 communiquer avec vous et de partager avec lui. [\/vc_column_text][\/vc_column_inner][vc_column_inner width=&#8221;1\/3&#8243;][vc_column_text] 2 D\u00e9couvrir les raisons li\u00e9es \u00e0 des probl\u00e8mes comportementaux de votre animal sachant [&hellip;]","og_url":"https:\/\/stellahurtes.com\/fr\/14-reasons-why-you-would-need-an-animal-communication\/","og_site_name":"stellahurtes","article_modified_time":"2019-04-20T15:30:51+00:00","twitter_card":"summary_large_image","twitter_misc":{"Dur\u00e9e de lecture estim\u00e9e":"3 minutes"},"schema":{"@context":"https:\/\/schema.org","@graph":[{"@type":"WebPage","@id":"https:\/\/stellahurtes.com\/fr\/14-reasons-why-you-would-need-an-animal-communication\/","url":"https:\/\/stellahurtes.com\/fr\/14-reasons-why-you-would-need-an-animal-communication\/","name":"14 Raisons pour lesquelles vous auriez besoin d\u2019une COMMUNICATION ANIMALE - stellahurtes","isPartOf":{"@id":"https:\/\/stellahurtes.com\/fr\/#website"},"datePublished":"2019-04-04T23:04:56+00:00","dateModified":"2019-04-20T15:30:51+00:00","breadcrumb":{"@id":"https:\/\/stellahurtes.com\/fr\/14-reasons-why-you-would-need-an-animal-communication\/#breadcrumb"},"inLanguage":"fr-FR","potentialAction":[{"@type":"ReadAction","target":["https:\/\/stellahurtes.com\/fr\/14-reasons-why-you-would-need-an-animal-communication\/"]}]},{"@type":"BreadcrumbList","@id":"https:\/\/stellahurtes.com\/fr\/14-reasons-why-you-would-need-an-animal-communication\/#breadcrumb","itemListElement":[{"@type":"ListItem","position":1,"name":"Home","item":"https:\/\/stellahurtes.com\/fr\/"},{"@type":"ListItem","position":2,"name":"14 Raisons pour lesquelles vous auriez besoin d\u2019une COMMUNICATION ANIMALE"}]},{"@type":"WebSite","@id":"https:\/\/stellahurtes.com\/fr\/#website","url":"https:\/\/stellahurtes.com\/fr\/","name":"stellahurtes","description":"","potentialAction":[{"@type":"SearchAction","target":{"@type":"EntryPoint","urlTemplate":"https:\/\/stellahurtes.com\/fr\/?s={search_term_string}"},"query-input":{"@type":"PropertyValueSpecification","valueRequired":true,"valueName":"search_term_string"}}],"inLanguage":"fr-FR"}]}},"_links":{"self":[{"href":"https:\/\/stellahurtes.com\/fr\/wp-json\/wp\/v2\/pages\/4610","targetHints":{"allow":["GET"]}}],"collection":[{"href":"https:\/\/stellahurtes.com\/fr\/wp-json\/wp\/v2\/pages"}],"about":[{"href":"https:\/\/stellahurtes.com\/fr\/wp-json\/wp\/v2\/types\/page"}],"author":[{"embeddable":true,"href":"https:\/\/stellahurtes.com\/fr\/wp-json\/wp\/v2\/users\/3"}],"replies":[{"embeddable":true,"href":"https:\/\/stellahurtes.com\/fr\/wp-json\/wp\/v2\/comments?post=4610"}],"version-history":[{"count":8,"href":"https:\/\/stellahurtes.com\/fr\/wp-json\/wp\/v2\/pages\/4610\/revisions"}],"predecessor-version":[{"id":4703,"href":"https:\/\/stellahurtes.com\/fr\/wp-json\/wp\/v2\/pages\/4610\/revisions\/4703"}],"wp:attachment":[{"href":"https:\/\/stellahurtes.com\/fr\/wp-json\/wp\/v2\/media?parent=4610"}],"curies":[{"name":"wp","href":"https:\/\/api.w.org\/{rel}","templated":true}]}}